{"id":82,"date":"2026-05-06T12:04:22","date_gmt":"2026-05-06T12:04:22","guid":{"rendered":"https:\/\/orange-partridge-779944.hostingersite.com\/transparence-remuneration\/"},"modified":"2026-05-07T21:40:35","modified_gmt":"2026-05-07T21:40:35","slug":"transparence-remuneration","status":"publish","type":"page","link":"https:\/\/vivacar.be\/nl\/transparence-remuneration\/","title":{"rendered":"Transparence &#038; r\u00e9mun\u00e9ration"},"content":{"rendered":"<h1>Transparence &#038; r\u00e9mun\u00e9ration<\/h1>\n<p>VivaCar peut \u00eatre r\u00e9mun\u00e9r\u00e9 par des abonnements professionnels, emplacements sponsoris\u00e9s, commissions ou demandes qualifi\u00e9es. Les parcours publics restent con\u00e7us pour aider le visiteur \u00e0 comparer clairement.<\/p>","protected":false},"excerpt":{"rendered":"<p>Transparence &#038; r\u00e9mun\u00e9ration VivaCar peut \u00eatre r\u00e9mun\u00e9r\u00e9 par des abonnements professionnels, emplacements sponsoris\u00e9s, commissions ou demandes qualifi\u00e9es. Les parcours publics restent con\u00e7us pour aider le visiteur \u00e0 comparer clairement.<\/p>","protected":false},"author":1,"featured_media":0,"parent":0,"menu_order":0,"comment_status":"closed","ping_status":"closed","template":"page-templates\/landing.php","meta":{"footnotes":""},"class_list":["post-82","page","type-page","status-publish","hentry"],"_hostinger_reach_plugin_has_subscription_block":false,"_hostinger_reach_plugin_is_elementor":false,"_links":{"self":[{"href":"https:\/\/vivacar.be\/nl\/wp-json\/wp\/v2\/pages\/82","targetHints":{"allow":["GET"]}}],"collection":[{"href":"https:\/\/vivacar.be\/nl\/wp-json\/wp\/v2\/pages"}],"about":[{"href":"https:\/\/vivacar.be\/nl\/wp-json\/wp\/v2\/types\/page"}],"author":[{"embeddable":true,"href":"https:\/\/vivacar.be\/nl\/wp-json\/wp\/v2\/users\/1"}],"replies":[{"embeddable":true,"href":"https:\/\/vivacar.be\/nl\/wp-json\/wp\/v2\/comments?post=82"}],"version-history":[{"count":6,"href":"https:\/\/vivacar.be\/nl\/wp-json\/wp\/v2\/pages\/82\/revisions"}],"predecessor-version":[{"id":3392,"href":"https:\/\/vivacar.be\/nl\/wp-json\/wp\/v2\/pages\/82\/revisions\/3392"}],"wp:attachment":[{"href":"https:\/\/vivacar.be\/nl\/wp-json\/wp\/v2\/media?parent=82"}],"curies":[{"name":"wp","href":"https:\/\/api.w.org\/{rel}","templated":true}]}}