{"id":75,"date":"2026-05-06T12:04:22","date_gmt":"2026-05-06T12:04:22","guid":{"rendered":"https:\/\/orange-partridge-779944.hostingersite.com\/connexion\/"},"modified":"2026-05-07T21:40:34","modified_gmt":"2026-05-07T21:40:34","slug":"connexion","status":"publish","type":"page","link":"https:\/\/vivacar.be\/nl\/connexion\/","title":{"rendered":"Connexion"},"content":{"rendered":"<h1>Connexion \u00e0 votre espace<\/h1>\n<p>Choisissez votre profil pour acc\u00e9der au parcours adapt\u00e9.<\/p>","protected":false},"excerpt":{"rendered":"<p>Connexion \u00e0 votre espace Choisissez votre profil pour acc\u00e9der au parcours adapt\u00e9.<\/p>","protected":false},"author":1,"featured_media":0,"parent":0,"menu_order":0,"comment_status":"closed","ping_status":"closed","template":"page-templates\/login-choice.php","meta":{"footnotes":""},"class_list":["post-75","page","type-page","status-publish","hentry"],"_hostinger_reach_plugin_has_subscription_block":false,"_hostinger_reach_plugin_is_elementor":false,"_links":{"self":[{"href":"https:\/\/vivacar.be\/nl\/wp-json\/wp\/v2\/pages\/75","targetHints":{"allow":["GET"]}}],"collection":[{"href":"https:\/\/vivacar.be\/nl\/wp-json\/wp\/v2\/pages"}],"about":[{"href":"https:\/\/vivacar.be\/nl\/wp-json\/wp\/v2\/types\/page"}],"author":[{"embeddable":true,"href":"https:\/\/vivacar.be\/nl\/wp-json\/wp\/v2\/users\/1"}],"replies":[{"embeddable":true,"href":"https:\/\/vivacar.be\/nl\/wp-json\/wp\/v2\/comments?post=75"}],"version-history":[{"count":1,"href":"https:\/\/vivacar.be\/nl\/wp-json\/wp\/v2\/pages\/75\/revisions"}],"predecessor-version":[{"id":119,"href":"https:\/\/vivacar.be\/nl\/wp-json\/wp\/v2\/pages\/75\/revisions\/119"}],"wp:attachment":[{"href":"https:\/\/vivacar.be\/nl\/wp-json\/wp\/v2\/media?parent=75"}],"curies":[{"name":"wp","href":"https:\/\/api.w.org\/{rel}","templated":true}]}}