{"id":67,"date":"2026-05-06T12:04:22","date_gmt":"2026-05-06T12:04:22","guid":{"rendered":"https:\/\/orange-partridge-779944.hostingersite.com\/vendre-ma-voiture\/"},"modified":"2026-05-07T21:40:34","modified_gmt":"2026-05-07T21:40:34","slug":"vendre-ma-voiture","status":"publish","type":"page","link":"https:\/\/vivacar.be\/nl\/vendre-ma-voiture\/","title":{"rendered":"Vendre ma voiture"},"content":{"rendered":"<h1>Vendre votre voiture avec un parcours premium<\/h1>\n<p>Cr\u00e9ez une annonce claire, ajoutez les informations essentielles et touchez des acheteurs qualifi\u00e9s.<\/p>\n<div class=\"vvc-checklist\"><strong>Parcours inclus :<\/strong><span>description guid\u00e9e<\/span><span>photos<\/span><span>prix recommand\u00e9<\/span><span>demande de reprise<\/span><\/div>","protected":false},"excerpt":{"rendered":"<p>Vendre votre voiture avec un parcours premium Cr\u00e9ez une annonce claire, ajoutez les informations essentielles et touchez des acheteurs qualifi\u00e9s. Parcours inclus :description guid\u00e9ephotosprix recommand\u00e9demande de reprise<\/p>","protected":false},"author":1,"featured_media":0,"parent":0,"menu_order":0,"comment_status":"closed","ping_status":"closed","template":"page-templates\/landing.php","meta":{"footnotes":""},"class_list":["post-67","page","type-page","status-publish","hentry"],"_hostinger_reach_plugin_has_subscription_block":false,"_hostinger_reach_plugin_is_elementor":false,"_links":{"self":[{"href":"https:\/\/vivacar.be\/nl\/wp-json\/wp\/v2\/pages\/67","targetHints":{"allow":["GET"]}}],"collection":[{"href":"https:\/\/vivacar.be\/nl\/wp-json\/wp\/v2\/pages"}],"about":[{"href":"https:\/\/vivacar.be\/nl\/wp-json\/wp\/v2\/types\/page"}],"author":[{"embeddable":true,"href":"https:\/\/vivacar.be\/nl\/wp-json\/wp\/v2\/users\/1"}],"replies":[{"embeddable":true,"href":"https:\/\/vivacar.be\/nl\/wp-json\/wp\/v2\/comments?post=67"}],"version-history":[{"count":1,"href":"https:\/\/vivacar.be\/nl\/wp-json\/wp\/v2\/pages\/67\/revisions"}],"predecessor-version":[{"id":111,"href":"https:\/\/vivacar.be\/nl\/wp-json\/wp\/v2\/pages\/67\/revisions\/111"}],"wp:attachment":[{"href":"https:\/\/vivacar.be\/nl\/wp-json\/wp\/v2\/media?parent=67"}],"curies":[{"name":"wp","href":"https:\/\/api.w.org\/{rel}","templated":true}]}}