{"id":64,"date":"2026-05-06T12:04:22","date_gmt":"2026-05-06T12:04:22","guid":{"rendered":"https:\/\/orange-partridge-779944.hostingersite.com\/financement-auto\/"},"modified":"2026-05-07T21:40:34","modified_gmt":"2026-05-07T21:40:34","slug":"financement-auto","status":"publish","type":"page","link":"https:\/\/vivacar.be\/nl\/financement-auto\/","title":{"rendered":"Financement auto"},"content":{"rendered":"<h1>Financer votre voiture simplement<\/h1>\n<p>Simulez votre budget mensuel et demandez une proposition adapt\u00e9e avant de contacter le garage.<\/p>\n<div class=\"vvc-form-box\">\n<h2>Demande de simulation<\/h2>\n<form action=\"\"><label>Budget souhait\u00e9<input type=\"text\" placeholder=\"Ex. 25 000 \u20ac\"><\/label><label>Apport<input type=\"text\" placeholder=\"Ex. 3 000 \u20ac\"><\/label><label>Dur\u00e9e<select><option>36 mois<\/option><option>48 mois<\/option><option>60 mois<\/option><\/select><\/label><button class=\"vvc-btn vvc-btn--primary\" type=\"button\">Pr\u00e9parer ma simulation<\/button><input type=\"hidden\" name=\"trp-form-language\" value=\"nl\"\/><\/form>\n<\/div>","protected":false},"excerpt":{"rendered":"<p>Financer votre voiture simplement Simulez votre budget mensuel et demandez une proposition adapt\u00e9e avant de contacter le garage. Demande de simulation Budget souhait\u00e9ApportDur\u00e9e36 mois48 mois60 moisPr\u00e9parer ma simulation<\/p>","protected":false},"author":1,"featured_media":0,"parent":0,"menu_order":0,"comment_status":"closed","ping_status":"closed","template":"page-templates\/landing.php","meta":{"footnotes":""},"class_list":["post-64","page","type-page","status-publish","hentry"],"_hostinger_reach_plugin_has_subscription_block":false,"_hostinger_reach_plugin_is_elementor":false,"_links":{"self":[{"href":"https:\/\/vivacar.be\/nl\/wp-json\/wp\/v2\/pages\/64","targetHints":{"allow":["GET"]}}],"collection":[{"href":"https:\/\/vivacar.be\/nl\/wp-json\/wp\/v2\/pages"}],"about":[{"href":"https:\/\/vivacar.be\/nl\/wp-json\/wp\/v2\/types\/page"}],"author":[{"embeddable":true,"href":"https:\/\/vivacar.be\/nl\/wp-json\/wp\/v2\/users\/1"}],"replies":[{"embeddable":true,"href":"https:\/\/vivacar.be\/nl\/wp-json\/wp\/v2\/comments?post=64"}],"version-history":[{"count":5,"href":"https:\/\/vivacar.be\/nl\/wp-json\/wp\/v2\/pages\/64\/revisions"}],"predecessor-version":[{"id":3388,"href":"https:\/\/vivacar.be\/nl\/wp-json\/wp\/v2\/pages\/64\/revisions\/3388"}],"wp:attachment":[{"href":"https:\/\/vivacar.be\/nl\/wp-json\/wp\/v2\/media?parent=64"}],"curies":[{"name":"wp","href":"https:\/\/api.w.org\/{rel}","templated":true}]}}