{"id":227,"date":"2026-05-06T12:53:25","date_gmt":"2026-05-06T12:53:25","guid":{"rendered":"https:\/\/orange-partridge-779944.hostingersite.com\/publier-une-annonce\/"},"modified":"2026-05-07T21:40:34","modified_gmt":"2026-05-07T21:40:34","slug":"publier-une-annonce","status":"publish","type":"page","link":"https:\/\/vivacar.be\/nl\/publier-une-annonce\/","title":{"rendered":"Publier une annonce"},"content":{"rendered":"<h1>Publier une annonce voiture<\/h1>\n<p>Pr\u00e9parez une annonce claire avec les informations essentielles : marque, mod\u00e8le, ann\u00e9e, kilom\u00e9trage, prix, photos et disponibilit\u00e9.<\/p>\n<div class=\"vvc-form-box\">\n<h2>Commencer la publication<\/h2>\n<form action=\"\"><label>Marque et mod\u00e8le<input type=\"text\" placeholder=\"Ex. Volkswagen Golf\"><\/label><label>Ann\u00e9e<input type=\"text\" placeholder=\"Ex. 2021\"><\/label><label>Prix souhait\u00e9<input type=\"text\" placeholder=\"Ex. 19 900 \u20ac\"><\/label><button class=\"vvc-btn vvc-btn--primary\" type=\"button\">Pr\u00e9parer mon annonce<\/button><input type=\"hidden\" name=\"trp-form-language\" value=\"nl\"\/><\/form>\n<\/div>","protected":false},"excerpt":{"rendered":"<p>Publier une annonce voiture Pr\u00e9parez une annonce claire avec les informations essentielles : marque, mod\u00e8le, ann\u00e9e, kilom\u00e9trage, prix, photos et disponibilit\u00e9. Commencer la publication Marque et mod\u00e8leAnn\u00e9ePrix souhait\u00e9Pr\u00e9parer mon annonce<\/p>","protected":false},"author":1,"featured_media":0,"parent":0,"menu_order":0,"comment_status":"closed","ping_status":"closed","template":"page-templates\/landing.php","meta":{"footnotes":""},"class_list":["post-227","page","type-page","status-publish","hentry"],"_hostinger_reach_plugin_has_subscription_block":false,"_hostinger_reach_plugin_is_elementor":false,"_links":{"self":[{"href":"https:\/\/vivacar.be\/nl\/wp-json\/wp\/v2\/pages\/227","targetHints":{"allow":["GET"]}}],"collection":[{"href":"https:\/\/vivacar.be\/nl\/wp-json\/wp\/v2\/pages"}],"about":[{"href":"https:\/\/vivacar.be\/nl\/wp-json\/wp\/v2\/types\/page"}],"author":[{"embeddable":true,"href":"https:\/\/vivacar.be\/nl\/wp-json\/wp\/v2\/users\/1"}],"replies":[{"embeddable":true,"href":"https:\/\/vivacar.be\/nl\/wp-json\/wp\/v2\/comments?post=227"}],"version-history":[{"count":1,"href":"https:\/\/vivacar.be\/nl\/wp-json\/wp\/v2\/pages\/227\/revisions"}],"predecessor-version":[{"id":300,"href":"https:\/\/vivacar.be\/nl\/wp-json\/wp\/v2\/pages\/227\/revisions\/300"}],"wp:attachment":[{"href":"https:\/\/vivacar.be\/nl\/wp-json\/wp\/v2\/media?parent=227"}],"curies":[{"name":"wp","href":"https:\/\/api.w.org\/{rel}","templated":true}]}}