{"id":202,"date":"2026-05-06T12:38:46","date_gmt":"2026-05-06T12:38:46","guid":{"rendered":"https:\/\/orange-partridge-779944.hostingersite.com\/cout-total-voiture\/"},"modified":"2026-05-07T21:40:35","modified_gmt":"2026-05-07T21:40:35","slug":"cout-total-voiture","status":"publish","type":"page","link":"https:\/\/vivacar.be\/nl\/cout-total-voiture\/","title":{"rendered":"Co\u00fbt total voiture"},"content":{"rendered":"<h1>Co\u00fbt total voiture<\/h1>\n<p>Calculez le co\u00fbt r\u00e9el d\u2019une voiture avec prix, \u00e9nergie, assurance, entretien, taxes et financement.<\/p>\n<div class=\"vvc-inline-actions\"><a class=\"vvc-btn vvc-btn--primary\" href=\"https:\/\/vivacar.be\/nl\/annonces\/\">Voir les annonces<\/a><a class=\"vvc-btn vvc-btn--ghost\" href=\"https:\/\/vivacar.be\/nl\/contact\/\">Contact<\/a><\/div>","protected":false},"excerpt":{"rendered":"<p>Co\u00fbt total voiture Calculez le co\u00fbt r\u00e9el d\u2019une voiture avec prix, \u00e9nergie, assurance, entretien, taxes et financement. Voir les annoncesContact<\/p>","protected":false},"author":1,"featured_media":0,"parent":0,"menu_order":0,"comment_status":"closed","ping_status":"closed","template":"page-templates\/landing.php","meta":{"footnotes":""},"class_list":["post-202","page","type-page","status-publish","hentry"],"_hostinger_reach_plugin_has_subscription_block":false,"_hostinger_reach_plugin_is_elementor":false,"_links":{"self":[{"href":"https:\/\/vivacar.be\/nl\/wp-json\/wp\/v2\/pages\/202","targetHints":{"allow":["GET"]}}],"collection":[{"href":"https:\/\/vivacar.be\/nl\/wp-json\/wp\/v2\/pages"}],"about":[{"href":"https:\/\/vivacar.be\/nl\/wp-json\/wp\/v2\/types\/page"}],"author":[{"embeddable":true,"href":"https:\/\/vivacar.be\/nl\/wp-json\/wp\/v2\/users\/1"}],"replies":[{"embeddable":true,"href":"https:\/\/vivacar.be\/nl\/wp-json\/wp\/v2\/comments?post=202"}],"version-history":[{"count":1,"href":"https:\/\/vivacar.be\/nl\/wp-json\/wp\/v2\/pages\/202\/revisions"}],"predecessor-version":[{"id":273,"href":"https:\/\/vivacar.be\/nl\/wp-json\/wp\/v2\/pages\/202\/revisions\/273"}],"wp:attachment":[{"href":"https:\/\/vivacar.be\/nl\/wp-json\/wp\/v2\/media?parent=202"}],"curies":[{"name":"wp","href":"https:\/\/api.w.org\/{rel}","templated":true}]}}