{"id":186,"date":"2026-05-06T12:38:46","date_gmt":"2026-05-06T12:38:46","guid":{"rendered":"https:\/\/orange-partridge-779944.hostingersite.com\/assurance-mini-omnium\/"},"modified":"2026-05-07T21:40:35","modified_gmt":"2026-05-07T21:40:35","slug":"assurance-mini-omnium","status":"publish","type":"page","link":"https:\/\/vivacar.be\/nl\/assurance-mini-omnium\/","title":{"rendered":"Assurance mini-omnium"},"content":{"rendered":"<h1>Assurance mini-omnium<\/h1>\n<p>D\u00e9couvrez la mini-omnium et les protections utiles pour \u00e9quilibrer budget et s\u00e9curit\u00e9.<\/p>\n<div class=\"vvc-inline-actions\"><a class=\"vvc-btn vvc-btn--primary\" href=\"https:\/\/vivacar.be\/nl\/annonces\/\">Voir les annonces<\/a><a class=\"vvc-btn vvc-btn--ghost\" href=\"https:\/\/vivacar.be\/nl\/contact\/\">Contact<\/a><\/div>","protected":false},"excerpt":{"rendered":"<p>Assurance mini-omnium D\u00e9couvrez la mini-omnium et les protections utiles pour \u00e9quilibrer budget et s\u00e9curit\u00e9. Voir les annoncesContact<\/p>","protected":false},"author":1,"featured_media":0,"parent":0,"menu_order":0,"comment_status":"closed","ping_status":"closed","template":"page-templates\/landing.php","meta":{"footnotes":""},"class_list":["post-186","page","type-page","status-publish","hentry"],"_hostinger_reach_plugin_has_subscription_block":false,"_hostinger_reach_plugin_is_elementor":false,"_links":{"self":[{"href":"https:\/\/vivacar.be\/nl\/wp-json\/wp\/v2\/pages\/186","targetHints":{"allow":["GET"]}}],"collection":[{"href":"https:\/\/vivacar.be\/nl\/wp-json\/wp\/v2\/pages"}],"about":[{"href":"https:\/\/vivacar.be\/nl\/wp-json\/wp\/v2\/types\/page"}],"author":[{"embeddable":true,"href":"https:\/\/vivacar.be\/nl\/wp-json\/wp\/v2\/users\/1"}],"replies":[{"embeddable":true,"href":"https:\/\/vivacar.be\/nl\/wp-json\/wp\/v2\/comments?post=186"}],"version-history":[{"count":1,"href":"https:\/\/vivacar.be\/nl\/wp-json\/wp\/v2\/pages\/186\/revisions"}],"predecessor-version":[{"id":257,"href":"https:\/\/vivacar.be\/nl\/wp-json\/wp\/v2\/pages\/186\/revisions\/257"}],"wp:attachment":[{"href":"https:\/\/vivacar.be\/nl\/wp-json\/wp\/v2\/media?parent=186"}],"curies":[{"name":"wp","href":"https:\/\/api.w.org\/{rel}","templated":true}]}}