{"id":178,"date":"2026-05-06T12:38:46","date_gmt":"2026-05-06T12:38:46","guid":{"rendered":"https:\/\/orange-partridge-779944.hostingersite.com\/leasing-professionnel\/"},"modified":"2026-05-07T21:40:35","modified_gmt":"2026-05-07T21:40:35","slug":"leasing-professionnel","status":"publish","type":"page","link":"https:\/\/vivacar.be\/nl\/leasing-professionnel\/","title":{"rendered":"Leasing professionnel"},"content":{"rendered":"<h1>Leasing professionnel<\/h1>\n<p>Pr\u00e9parez une solution de leasing pour ind\u00e9pendant ou soci\u00e9t\u00e9 avec budget, usage et fiscalit\u00e9.<\/p>\n<div class=\"vvc-inline-actions\"><a class=\"vvc-btn vvc-btn--primary\" href=\"https:\/\/vivacar.be\/nl\/annonces\/\">Voir les annonces<\/a><a class=\"vvc-btn vvc-btn--ghost\" href=\"https:\/\/vivacar.be\/nl\/contact\/\">Contact<\/a><\/div>","protected":false},"excerpt":{"rendered":"<p>Leasing professionnel Pr\u00e9parez une solution de leasing pour ind\u00e9pendant ou soci\u00e9t\u00e9 avec budget, usage et fiscalit\u00e9. Voir les annoncesContact<\/p>","protected":false},"author":1,"featured_media":0,"parent":0,"menu_order":0,"comment_status":"closed","ping_status":"closed","template":"page-templates\/landing.php","meta":{"footnotes":""},"class_list":["post-178","page","type-page","status-publish","hentry"],"_hostinger_reach_plugin_has_subscription_block":false,"_hostinger_reach_plugin_is_elementor":false,"_links":{"self":[{"href":"https:\/\/vivacar.be\/nl\/wp-json\/wp\/v2\/pages\/178","targetHints":{"allow":["GET"]}}],"collection":[{"href":"https:\/\/vivacar.be\/nl\/wp-json\/wp\/v2\/pages"}],"about":[{"href":"https:\/\/vivacar.be\/nl\/wp-json\/wp\/v2\/types\/page"}],"author":[{"embeddable":true,"href":"https:\/\/vivacar.be\/nl\/wp-json\/wp\/v2\/users\/1"}],"replies":[{"embeddable":true,"href":"https:\/\/vivacar.be\/nl\/wp-json\/wp\/v2\/comments?post=178"}],"version-history":[{"count":1,"href":"https:\/\/vivacar.be\/nl\/wp-json\/wp\/v2\/pages\/178\/revisions"}],"predecessor-version":[{"id":249,"href":"https:\/\/vivacar.be\/nl\/wp-json\/wp\/v2\/pages\/178\/revisions\/249"}],"wp:attachment":[{"href":"https:\/\/vivacar.be\/nl\/wp-json\/wp\/v2\/media?parent=178"}],"curies":[{"name":"wp","href":"https:\/\/api.w.org\/{rel}","templated":true}]}}