{"id":157,"date":"2026-05-06T12:38:46","date_gmt":"2026-05-06T12:38:46","guid":{"rendered":"https:\/\/orange-partridge-779944.hostingersite.com\/voitures-electriques\/"},"modified":"2026-05-07T21:40:35","modified_gmt":"2026-05-07T21:40:35","slug":"voitures-electriques","status":"publish","type":"page","link":"https:\/\/vivacar.be\/nl\/voitures-electriques\/","title":{"rendered":"Voitures \u00e9lectriques"},"content":{"rendered":"<h1>Voitures \u00e9lectriques<\/h1>\n<p>Comparez les mod\u00e8les \u00e9lectriques disponibles, l\u2019autonomie, le budget mensuel, la recharge et les aides possibles.<\/p>\n<div class=\"vvc-inline-actions\"><a class=\"vvc-btn vvc-btn--primary\" href=\"https:\/\/vivacar.be\/nl\/annonces\/\">Voir les annonces<\/a><a class=\"vvc-btn vvc-btn--ghost\" href=\"https:\/\/vivacar.be\/nl\/contact\/\">Contact<\/a><\/div>","protected":false},"excerpt":{"rendered":"<p>Voitures \u00e9lectriques Comparez les mod\u00e8les \u00e9lectriques disponibles, l\u2019autonomie, le budget mensuel, la recharge et les aides possibles. Voir les annoncesContact<\/p>","protected":false},"author":1,"featured_media":0,"parent":0,"menu_order":0,"comment_status":"closed","ping_status":"closed","template":"page-templates\/landing.php","meta":{"footnotes":""},"class_list":["post-157","page","type-page","status-publish","hentry"],"_hostinger_reach_plugin_has_subscription_block":false,"_hostinger_reach_plugin_is_elementor":false,"_links":{"self":[{"href":"https:\/\/vivacar.be\/nl\/wp-json\/wp\/v2\/pages\/157","targetHints":{"allow":["GET"]}}],"collection":[{"href":"https:\/\/vivacar.be\/nl\/wp-json\/wp\/v2\/pages"}],"about":[{"href":"https:\/\/vivacar.be\/nl\/wp-json\/wp\/v2\/types\/page"}],"author":[{"embeddable":true,"href":"https:\/\/vivacar.be\/nl\/wp-json\/wp\/v2\/users\/1"}],"replies":[{"embeddable":true,"href":"https:\/\/vivacar.be\/nl\/wp-json\/wp\/v2\/comments?post=157"}],"version-history":[{"count":1,"href":"https:\/\/vivacar.be\/nl\/wp-json\/wp\/v2\/pages\/157\/revisions"}],"predecessor-version":[{"id":228,"href":"https:\/\/vivacar.be\/nl\/wp-json\/wp\/v2\/pages\/157\/revisions\/228"}],"wp:attachment":[{"href":"https:\/\/vivacar.be\/nl\/wp-json\/wp\/v2\/media?parent=157"}],"curies":[{"name":"wp","href":"https:\/\/api.w.org\/{rel}","templated":true}]}}