{"id":83,"date":"2026-05-06T12:04:22","date_gmt":"2026-05-06T12:04:22","guid":{"rendered":"https:\/\/orange-partridge-779944.hostingersite.com\/securite-des-donnees\/"},"modified":"2026-05-07T21:40:35","modified_gmt":"2026-05-07T21:40:35","slug":"securite-des-donnees","status":"publish","type":"page","link":"https:\/\/vivacar.be\/en\/securite-des-donnees\/","title":{"rendered":"S\u00e9curit\u00e9 des donn\u00e9es"},"content":{"rendered":"<h1>S\u00e9curit\u00e9 des donn\u00e9es<\/h1>\n<p>Les demandes visiteurs sont trait\u00e9es avec finalit\u00e9 explicite, minimisation des donn\u00e9es, tra\u00e7abilit\u00e9 et consentement avant transmission \u00e0 un professionnel.<\/p>","protected":false},"excerpt":{"rendered":"<p>S\u00e9curit\u00e9 des donn\u00e9es Les demandes visiteurs sont trait\u00e9es avec finalit\u00e9 explicite, minimisation des donn\u00e9es, tra\u00e7abilit\u00e9 et consentement avant transmission \u00e0 un professionnel.<\/p>","protected":false},"author":1,"featured_media":0,"parent":0,"menu_order":0,"comment_status":"closed","ping_status":"closed","template":"page-templates\/landing.php","meta":{"footnotes":""},"class_list":["post-83","page","type-page","status-publish","hentry"],"_hostinger_reach_plugin_has_subscription_block":false,"_hostinger_reach_plugin_is_elementor":false,"_links":{"self":[{"href":"https:\/\/vivacar.be\/en\/wp-json\/wp\/v2\/pages\/83","targetHints":{"allow":["GET"]}}],"collection":[{"href":"https:\/\/vivacar.be\/en\/wp-json\/wp\/v2\/pages"}],"about":[{"href":"https:\/\/vivacar.be\/en\/wp-json\/wp\/v2\/types\/page"}],"author":[{"embeddable":true,"href":"https:\/\/vivacar.be\/en\/wp-json\/wp\/v2\/users\/1"}],"replies":[{"embeddable":true,"href":"https:\/\/vivacar.be\/en\/wp-json\/wp\/v2\/comments?post=83"}],"version-history":[{"count":5,"href":"https:\/\/vivacar.be\/en\/wp-json\/wp\/v2\/pages\/83\/revisions"}],"predecessor-version":[{"id":3393,"href":"https:\/\/vivacar.be\/en\/wp-json\/wp\/v2\/pages\/83\/revisions\/3393"}],"wp:attachment":[{"href":"https:\/\/vivacar.be\/en\/wp-json\/wp\/v2\/media?parent=83"}],"curies":[{"name":"wp","href":"https:\/\/api.w.org\/{rel}","templated":true}]}}