{"id":74,"date":"2026-05-06T12:04:22","date_gmt":"2026-05-06T12:04:22","guid":{"rendered":"https:\/\/orange-partridge-779944.hostingersite.com\/guide-financement-auto\/"},"modified":"2026-05-07T21:40:34","modified_gmt":"2026-05-07T21:40:34","slug":"guide-financement-auto","status":"publish","type":"page","link":"https:\/\/vivacar.be\/en\/guide-financement-auto\/","title":{"rendered":"Guide financement auto"},"content":{"rendered":"<h1>Guide financement auto<\/h1>\n<p>Apport, dur\u00e9e, mensualit\u00e9, valeur r\u00e9siduelle et assurance : les points essentiels pour lire une proposition de financement.<\/p>","protected":false},"excerpt":{"rendered":"<p>Guide financement auto Apport, dur\u00e9e, mensualit\u00e9, valeur r\u00e9siduelle et assurance : les points essentiels pour lire une proposition de financement.<\/p>","protected":false},"author":1,"featured_media":0,"parent":0,"menu_order":0,"comment_status":"closed","ping_status":"closed","template":"page-templates\/landing.php","meta":{"footnotes":""},"class_list":["post-74","page","type-page","status-publish","hentry"],"_hostinger_reach_plugin_has_subscription_block":false,"_hostinger_reach_plugin_is_elementor":false,"_links":{"self":[{"href":"https:\/\/vivacar.be\/en\/wp-json\/wp\/v2\/pages\/74","targetHints":{"allow":["GET"]}}],"collection":[{"href":"https:\/\/vivacar.be\/en\/wp-json\/wp\/v2\/pages"}],"about":[{"href":"https:\/\/vivacar.be\/en\/wp-json\/wp\/v2\/types\/page"}],"author":[{"embeddable":true,"href":"https:\/\/vivacar.be\/en\/wp-json\/wp\/v2\/users\/1"}],"replies":[{"embeddable":true,"href":"https:\/\/vivacar.be\/en\/wp-json\/wp\/v2\/comments?post=74"}],"version-history":[{"count":1,"href":"https:\/\/vivacar.be\/en\/wp-json\/wp\/v2\/pages\/74\/revisions"}],"predecessor-version":[{"id":118,"href":"https:\/\/vivacar.be\/en\/wp-json\/wp\/v2\/pages\/74\/revisions\/118"}],"wp:attachment":[{"href":"https:\/\/vivacar.be\/en\/wp-json\/wp\/v2\/media?parent=74"}],"curies":[{"name":"wp","href":"https:\/\/api.w.org\/{rel}","templated":true}]}}