{"id":71,"date":"2026-05-06T12:04:22","date_gmt":"2026-05-06T12:04:22","guid":{"rendered":"https:\/\/orange-partridge-779944.hostingersite.com\/comparer-voitures\/"},"modified":"2026-05-07T21:40:34","modified_gmt":"2026-05-07T21:40:34","slug":"comparer-voitures","status":"publish","type":"page","link":"https:\/\/vivacar.be\/en\/comparer-voitures\/","title":{"rendered":"Comparer voitures"},"content":{"rendered":"<h1>Comparer des voitures<\/h1>\n<p>Comparez prix, budget mensuel, consommation, \u00e9nergie, \u00e9quipements, garantie et disponibilit\u00e9.<\/p>\n    <section class=\"vvc-section vvc-vehicle-section\">\n        <div class=\"vvc-shell\">\n            <div class=\"vvc-section-head\">\n                <div>\n                    <p class=\"vvc-kicker\">S\u00e9lection VivaCar<\/p>\n                    <h2>V\u00e9hicules \u00e0 comparer<\/h2>\n                <\/div>\n                <a class=\"vvc-btn vvc-btn--ghost\" href=\"https:\/\/vivacar.be\/en\/annonces\/\">Voir toutes les annonces<\/a>            <\/div>\n                            <div class=\"vvc-vehicle-grid\">\n                                                <article class=\"vvc-card vvc-vehicle-card\" id=\"dacia-duster-journey-eco-g\">\n        <a class=\"vvc-vehicle-card__image\" href=\"https:\/\/vivacar.be\/en\/annonces-auto\/dacia-duster-journey-eco-g\/\" aria-label=\"Dacia Duster Journey ECO-G\">\n            <img decoding=\"async\" src=\"https:\/\/vivacar.be\/wp-content\/themes\/vivacar-ultimate-enterprise\/assets\/images\/car-1.svg\" alt=\"Dacia Duster Journey ECO-G\" loading=\"lazy\">\n            <span>Annonce v\u00e9rifi\u00e9e<\/span>\n        <\/a>\n        <div class=\"vvc-vehicle-card__body\">\n            <div class=\"vvc-vehicle-card__topline\">\n                <p>Belgique<\/p>\n                <strong>Prix sur demande<\/strong>\n            <\/div>\n            <h3><a href=\"https:\/\/vivacar.be\/en\/annonces-auto\/dacia-duster-journey-eco-g\/\">Dacia Duster Journey ECO-G<\/a><\/h3>\n            <p class=\"vvc-muted\">Financement disponible<\/p>\n            <ul class=\"vvc-specs\" aria-label=\"Caract\u00e9ristiques principales\">\n                <li>\u2014<\/li>\n                <li>\u2014<\/li>\n                <li>\u2014<\/li>\n                <li>\u2014<\/li>\n            <\/ul>\n            <div class=\"vvc-card__actions\">\n                <a class=\"vvc-btn vvc-btn--primary\" href=\"https:\/\/vivacar.be\/en\/annonces-auto\/dacia-duster-journey-eco-g\/\">Voir le v\u00e9hicule<\/a>                <a class=\"vvc-btn vvc-btn--ghost\" href=\"https:\/\/vivacar.be\/en\/comparer-voitures\/\">Comparer<\/a>            <\/div>\n        <\/div>\n    <\/article>\n                                                    <article class=\"vvc-card vvc-vehicle-card\" id=\"kia-sportage-1-6-t-gdi-hev\">\n        <a class=\"vvc-vehicle-card__image\" href=\"https:\/\/vivacar.be\/en\/annonces-auto\/kia-sportage-1-6-t-gdi-hev\/\" aria-label=\"Kia Sportage 1.6 T-GDi HEV\">\n            <img decoding=\"async\" src=\"https:\/\/vivacar.be\/wp-content\/themes\/vivacar-ultimate-enterprise\/assets\/images\/car-1.svg\" alt=\"Kia Sportage 1.6 T-GDi HEV\" loading=\"lazy\">\n            <span>Annonce v\u00e9rifi\u00e9e<\/span>\n        <\/a>\n        <div class=\"vvc-vehicle-card__body\">\n            <div class=\"vvc-vehicle-card__topline\">\n                <p>Belgique<\/p>\n                <strong>Prix sur demande<\/strong>\n            <\/div>\n            <h3><a href=\"https:\/\/vivacar.be\/en\/annonces-auto\/kia-sportage-1-6-t-gdi-hev\/\">Kia Sportage 1.6 T-GDi HEV<\/a><\/h3>\n            <p class=\"vvc-muted\">Financement disponible<\/p>\n            <ul class=\"vvc-specs\" aria-label=\"Caract\u00e9ristiques principales\">\n                <li>\u2014<\/li>\n                <li>\u2014<\/li>\n                <li>\u2014<\/li>\n                <li>\u2014<\/li>\n            <\/ul>\n            <div class=\"vvc-card__actions\">\n                <a class=\"vvc-btn vvc-btn--primary\" href=\"https:\/\/vivacar.be\/en\/annonces-auto\/kia-sportage-1-6-t-gdi-hev\/\">Voir le v\u00e9hicule<\/a>                <a class=\"vvc-btn vvc-btn--ghost\" href=\"https:\/\/vivacar.be\/en\/comparer-voitures\/\">Comparer<\/a>            <\/div>\n        <\/div>\n    <\/article>\n                                                    <article class=\"vvc-card vvc-vehicle-card\" id=\"hyundai-ioniq-5-core\">\n        <a class=\"vvc-vehicle-card__image\" href=\"https:\/\/vivacar.be\/en\/annonces-auto\/hyundai-ioniq-5-core\/\" aria-label=\"Hyundai Ioniq 5 Core\">\n            <img decoding=\"async\" src=\"https:\/\/vivacar.be\/wp-content\/themes\/vivacar-ultimate-enterprise\/assets\/images\/car-1.svg\" alt=\"Hyundai Ioniq 5 Core\" loading=\"lazy\">\n            <span>Annonce v\u00e9rifi\u00e9e<\/span>\n        <\/a>\n        <div class=\"vvc-vehicle-card__body\">\n            <div class=\"vvc-vehicle-card__topline\">\n                <p>Belgique<\/p>\n                <strong>Prix sur demande<\/strong>\n            <\/div>\n            <h3><a href=\"https:\/\/vivacar.be\/en\/annonces-auto\/hyundai-ioniq-5-core\/\">Hyundai Ioniq 5 Core<\/a><\/h3>\n            <p class=\"vvc-muted\">Financement disponible<\/p>\n            <ul class=\"vvc-specs\" aria-label=\"Caract\u00e9ristiques principales\">\n                <li>\u2014<\/li>\n                <li>\u2014<\/li>\n                <li>\u2014<\/li>\n                <li>\u2014<\/li>\n            <\/ul>\n            <div class=\"vvc-card__actions\">\n                <a class=\"vvc-btn vvc-btn--primary\" href=\"https:\/\/vivacar.be\/en\/annonces-auto\/hyundai-ioniq-5-core\/\">Voir le v\u00e9hicule<\/a>                <a class=\"vvc-btn vvc-btn--ghost\" href=\"https:\/\/vivacar.be\/en\/comparer-voitures\/\">Comparer<\/a>            <\/div>\n        <\/div>\n    <\/article>\n                                        <\/div>\n                    <\/div>\n    <\/section>","protected":false},"excerpt":{"rendered":"<p>Comparer des voitures Comparez prix, budget mensuel, consommation, \u00e9nergie, \u00e9quipements, garantie et disponibilit\u00e9.<\/p>","protected":false},"author":1,"featured_media":0,"parent":0,"menu_order":0,"comment_status":"closed","ping_status":"closed","template":"page-templates\/landing.php","meta":{"footnotes":""},"class_list":["post-71","page","type-page","status-publish","hentry"],"_hostinger_reach_plugin_has_subscription_block":false,"_hostinger_reach_plugin_is_elementor":false,"_links":{"self":[{"href":"https:\/\/vivacar.be\/en\/wp-json\/wp\/v2\/pages\/71","targetHints":{"allow":["GET"]}}],"collection":[{"href":"https:\/\/vivacar.be\/en\/wp-json\/wp\/v2\/pages"}],"about":[{"href":"https:\/\/vivacar.be\/en\/wp-json\/wp\/v2\/types\/page"}],"author":[{"embeddable":true,"href":"https:\/\/vivacar.be\/en\/wp-json\/wp\/v2\/users\/1"}],"replies":[{"embeddable":true,"href":"https:\/\/vivacar.be\/en\/wp-json\/wp\/v2\/comments?post=71"}],"version-history":[{"count":1,"href":"https:\/\/vivacar.be\/en\/wp-json\/wp\/v2\/pages\/71\/revisions"}],"predecessor-version":[{"id":115,"href":"https:\/\/vivacar.be\/en\/wp-json\/wp\/v2\/pages\/71\/revisions\/115"}],"wp:attachment":[{"href":"https:\/\/vivacar.be\/en\/wp-json\/wp\/v2\/media?parent=71"}],"curies":[{"name":"wp","href":"https:\/\/api.w.org\/{rel}","templated":true}]}}