{"id":68,"date":"2026-05-06T12:04:22","date_gmt":"2026-05-06T12:04:22","guid":{"rendered":"https:\/\/orange-partridge-779944.hostingersite.com\/garages-professionnels\/"},"modified":"2026-05-07T21:40:34","modified_gmt":"2026-05-07T21:40:34","slug":"garages-professionnels","status":"publish","type":"page","link":"https:\/\/vivacar.be\/en\/garages-professionnels\/","title":{"rendered":"Garages &#038; professionnels"},"content":{"rendered":"<h1>Garages professionnels<\/h1>\n<p>D\u00e9couvrez les vendeurs professionnels pr\u00e9sents sur VivaCar et contactez un garage adapt\u00e9 \u00e0 votre recherche.<\/p>\n    <section class=\"vvc-section vvc-dark-cta\">\n        <div class=\"vvc-shell vvc-dark-cta__grid\">\n            <div>\n                <p class=\"vvc-kicker\">Garages &amp; partenaires<\/p>\n                <h2>Gagnez en visibilit\u00e9 sur un parcours automobile premium.<\/h2>\n                <p>Pr\u00e9sentez vos v\u00e9hicules, recevez des demandes qualifi\u00e9es, activez des emplacements premium et suivez vos r\u00e9sultats depuis un espace professionnel.<\/p>\n            <\/div>\n            <div class=\"vvc-dark-cta__actions\">\n                <a class=\"vvc-btn vvc-btn--light\" href=\"https:\/\/vivacar.be\/en\/devenir-garage-partenaire\/\">Devenir partenaire<\/a>                <a class=\"vvc-btn vvc-btn--outline-light\" href=\"https:\/\/vivacar.be\/en\/partenaires-visibilite\/\">Voir les offres visibilit\u00e9<\/a>            <\/div>\n        <\/div>\n    <\/section>","protected":false},"excerpt":{"rendered":"<p>Garages professionnels D\u00e9couvrez les vendeurs professionnels pr\u00e9sents sur VivaCar et contactez un garage adapt\u00e9 \u00e0 votre recherche.<\/p>","protected":false},"author":1,"featured_media":0,"parent":0,"menu_order":0,"comment_status":"closed","ping_status":"closed","template":"page-templates\/dealers.php","meta":{"footnotes":""},"class_list":["post-68","page","type-page","status-publish","hentry"],"_hostinger_reach_plugin_has_subscription_block":false,"_hostinger_reach_plugin_is_elementor":false,"_links":{"self":[{"href":"https:\/\/vivacar.be\/en\/wp-json\/wp\/v2\/pages\/68","targetHints":{"allow":["GET"]}}],"collection":[{"href":"https:\/\/vivacar.be\/en\/wp-json\/wp\/v2\/pages"}],"about":[{"href":"https:\/\/vivacar.be\/en\/wp-json\/wp\/v2\/types\/page"}],"author":[{"embeddable":true,"href":"https:\/\/vivacar.be\/en\/wp-json\/wp\/v2\/users\/1"}],"replies":[{"embeddable":true,"href":"https:\/\/vivacar.be\/en\/wp-json\/wp\/v2\/comments?post=68"}],"version-history":[{"count":1,"href":"https:\/\/vivacar.be\/en\/wp-json\/wp\/v2\/pages\/68\/revisions"}],"predecessor-version":[{"id":112,"href":"https:\/\/vivacar.be\/en\/wp-json\/wp\/v2\/pages\/68\/revisions\/112"}],"wp:attachment":[{"href":"https:\/\/vivacar.be\/en\/wp-json\/wp\/v2\/media?parent=68"}],"curies":[{"name":"wp","href":"https:\/\/api.w.org\/{rel}","templated":true}]}}