{"id":66,"date":"2026-05-06T12:04:22","date_gmt":"2026-05-06T12:04:22","guid":{"rendered":"https:\/\/orange-partridge-779944.hostingersite.com\/estimation-reprise\/"},"modified":"2026-05-07T21:40:34","modified_gmt":"2026-05-07T21:40:34","slug":"estimation-reprise","status":"publish","type":"page","link":"https:\/\/vivacar.be\/en\/estimation-reprise\/","title":{"rendered":"Estimation &#038; reprise"},"content":{"rendered":"<h1>Estimer ou faire reprendre votre voiture<\/h1>\n<p>Obtenez une premi\u00e8re estimation et pr\u00e9parez une demande de reprise aupr\u00e8s de garages professionnels.<\/p>\n<div class=\"vvc-form-box\">\n<h2>Demande d\u2019estimation<\/h2>\n<form action=\"\"><label>Marque et mod\u00e8le<input type=\"text\" placeholder=\"Ex. Renault Clio\"><\/label><label>Ann\u00e9e<input type=\"text\" placeholder=\"Ex. 2020\"><\/label><label>Kilom\u00e9trage<input type=\"text\" placeholder=\"Ex. 62 000 km\"><\/label><button class=\"vvc-btn vvc-btn--primary\" type=\"button\">Recevoir une estimation<\/button><input type=\"hidden\" name=\"trp-form-language\" value=\"en\"\/><\/form>\n<\/div>","protected":false},"excerpt":{"rendered":"<p>Estimer ou faire reprendre votre voiture Obtenez une premi\u00e8re estimation et pr\u00e9parez une demande de reprise aupr\u00e8s de garages professionnels. Demande d\u2019estimation Marque et mod\u00e8leAnn\u00e9eKilom\u00e9trageRecevoir une estimation<\/p>","protected":false},"author":1,"featured_media":0,"parent":0,"menu_order":0,"comment_status":"closed","ping_status":"closed","template":"page-templates\/landing.php","meta":{"footnotes":""},"class_list":["post-66","page","type-page","status-publish","hentry"],"_hostinger_reach_plugin_has_subscription_block":false,"_hostinger_reach_plugin_is_elementor":false,"_links":{"self":[{"href":"https:\/\/vivacar.be\/en\/wp-json\/wp\/v2\/pages\/66","targetHints":{"allow":["GET"]}}],"collection":[{"href":"https:\/\/vivacar.be\/en\/wp-json\/wp\/v2\/pages"}],"about":[{"href":"https:\/\/vivacar.be\/en\/wp-json\/wp\/v2\/types\/page"}],"author":[{"embeddable":true,"href":"https:\/\/vivacar.be\/en\/wp-json\/wp\/v2\/users\/1"}],"replies":[{"embeddable":true,"href":"https:\/\/vivacar.be\/en\/wp-json\/wp\/v2\/comments?post=66"}],"version-history":[{"count":1,"href":"https:\/\/vivacar.be\/en\/wp-json\/wp\/v2\/pages\/66\/revisions"}],"predecessor-version":[{"id":110,"href":"https:\/\/vivacar.be\/en\/wp-json\/wp\/v2\/pages\/66\/revisions\/110"}],"wp:attachment":[{"href":"https:\/\/vivacar.be\/en\/wp-json\/wp\/v2\/media?parent=66"}],"curies":[{"name":"wp","href":"https:\/\/api.w.org\/{rel}","templated":true}]}}