{"id":65,"date":"2026-05-06T12:04:22","date_gmt":"2026-05-06T12:04:22","guid":{"rendered":"https:\/\/orange-partridge-779944.hostingersite.com\/assurance-auto\/"},"modified":"2026-05-07T21:40:34","modified_gmt":"2026-05-07T21:40:34","slug":"assurance-auto","status":"publish","type":"page","link":"https:\/\/vivacar.be\/en\/assurance-auto\/","title":{"rendered":"Assurance auto"},"content":{"rendered":"<h1>Assurance auto<\/h1>\n<p>Comparez les garanties utiles pour votre v\u00e9hicule, votre r\u00e9gion et votre profil de conducteur.<\/p>\n<p>Pr\u00e9parez votre demande avec les \u00e9l\u00e9ments importants : usage du v\u00e9hicule, valeur, franchise, assistance et niveau de protection souhait\u00e9.<\/p>","protected":false},"excerpt":{"rendered":"<p>Assurance auto Comparez les garanties utiles pour votre v\u00e9hicule, votre r\u00e9gion et votre profil de conducteur. Pr\u00e9parez votre demande avec les \u00e9l\u00e9ments importants : usage du v\u00e9hicule, valeur, franchise, assistance et niveau de protection souhait\u00e9.<\/p>","protected":false},"author":1,"featured_media":0,"parent":0,"menu_order":0,"comment_status":"closed","ping_status":"closed","template":"page-templates\/landing.php","meta":{"footnotes":""},"class_list":["post-65","page","type-page","status-publish","hentry"],"_hostinger_reach_plugin_has_subscription_block":false,"_hostinger_reach_plugin_is_elementor":false,"_links":{"self":[{"href":"https:\/\/vivacar.be\/en\/wp-json\/wp\/v2\/pages\/65","targetHints":{"allow":["GET"]}}],"collection":[{"href":"https:\/\/vivacar.be\/en\/wp-json\/wp\/v2\/pages"}],"about":[{"href":"https:\/\/vivacar.be\/en\/wp-json\/wp\/v2\/types\/page"}],"author":[{"embeddable":true,"href":"https:\/\/vivacar.be\/en\/wp-json\/wp\/v2\/users\/1"}],"replies":[{"embeddable":true,"href":"https:\/\/vivacar.be\/en\/wp-json\/wp\/v2\/comments?post=65"}],"version-history":[{"count":6,"href":"https:\/\/vivacar.be\/en\/wp-json\/wp\/v2\/pages\/65\/revisions"}],"predecessor-version":[{"id":3389,"href":"https:\/\/vivacar.be\/en\/wp-json\/wp\/v2\/pages\/65\/revisions\/3389"}],"wp:attachment":[{"href":"https:\/\/vivacar.be\/en\/wp-json\/wp\/v2\/media?parent=65"}],"curies":[{"name":"wp","href":"https:\/\/api.w.org\/{rel}","templated":true}]}}