{"id":61,"date":"2026-05-06T12:04:22","date_gmt":"2026-05-06T12:04:22","guid":{"rendered":"https:\/\/orange-partridge-779944.hostingersite.com\/annonces\/"},"modified":"2026-05-07T21:40:34","modified_gmt":"2026-05-07T21:40:34","slug":"annonces","status":"publish","type":"page","link":"https:\/\/vivacar.be\/en\/annonces\/","title":{"rendered":"Annonces voitures neuves et occasion"},"content":{"rendered":"<h1>Toutes les voitures neuves et d\u2019occasion<\/h1>\n<p>Explorez une s\u00e9lection claire de v\u00e9hicules disponibles en Belgique. Filtrez par budget, \u00e9nergie, r\u00e9gion et usage pour trouver plus vite la voiture adapt\u00e9e.<\/p>\n<p><form class=\"vsm-search-widget vsm-search-widget--compact\" action=\"https:\/\/vivacar.be\/en\/annonces-auto\/\" method=\"get\" data-vivacar-search data-vsm-search data-trp-original-action=\"https:\/\/vivacar.be\/en\/annonces-auto\/\">\n    <div class=\"vsm-search-head\">\n        <span class=\"vsm-badge\">Recherche intelligente<\/span>\n        <h3>Trouvez votre voiture<\/h3>\n    <\/div>\n    <label class=\"vsm-field vsm-field--full\">\n        <span>Recherche par phrase<\/span>\n        <input type=\"search\" name=\"vvc_keyword\" value=\"\" placeholder=\"SUV hybride moins de 30 000 \u20ac \u00e0 Bruxelles\" autocomplete=\"off\" data-vsm-suggest>\n        <div class=\"vsm-suggestions\" hidden><\/div>\n    <\/label>\n    <div class=\"vsm-grid\">\n        <label class=\"vsm-field\"><span>Marque<\/span><select name=\"vvc_make\" data-vsm-brand><option value=\"\">Toutes<\/option><option value=\"Abarth\" >Abarth<\/option><option value=\"Aiways\" >Aiways<\/option><option value=\"Alfa Romeo\" >Alfa Romeo<\/option><option value=\"Alpine\" >Alpine<\/option><option value=\"Aston Martin\" >Aston Martin<\/option><option value=\"Audi\" >Audi<\/option><option value=\"Austin\" >Austin<\/option><option value=\"Bentley\" >Bentley<\/option><option value=\"BMW\" >BMW<\/option><option value=\"BYD\" >BYD<\/option><option value=\"Cadillac\" >Cadillac<\/option><option value=\"Chevrolet\" >Chevrolet<\/option><option value=\"Chrysler\" >Chrysler<\/option><option value=\"Citro\u00ebn\" >Citro\u00ebn<\/option><option value=\"Cupra\" >Cupra<\/option><option value=\"Dacia\" >Dacia<\/option><option value=\"Daewoo\" >Daewoo<\/option><option value=\"Daihatsu\" >Daihatsu<\/option><option value=\"Dodge\" >Dodge<\/option><option value=\"DS Automobiles\" >DS Automobiles<\/option><option value=\"Ferrari\" >Ferrari<\/option><option value=\"Fiat\" >Fiat<\/option><option value=\"Fisker\" >Fisker<\/option><option value=\"Ford\" >Ford<\/option><option value=\"Genesis\" >Genesis<\/option><option value=\"Honda\" >Honda<\/option><option value=\"Hyundai\" >Hyundai<\/option><option value=\"Ineos\" >Ineos<\/option><option value=\"Infiniti\" >Infiniti<\/option><option value=\"Isuzu\" >Isuzu<\/option><option value=\"Jaguar\" >Jaguar<\/option><option value=\"Jeep\" >Jeep<\/option><option value=\"KGM \/ SsangYong\" >KGM \/ SsangYong<\/option><option value=\"Kia\" >Kia<\/option><option value=\"Lamborghini\" >Lamborghini<\/option><option value=\"Lancia\" >Lancia<\/option><option value=\"Land Rover\" >Land Rover<\/option><option value=\"Lexus\" >Lexus<\/option><option value=\"Ligier\" >Ligier<\/option><option value=\"Lotus\" >Lotus<\/option><option value=\"Lynk &amp; Co\" >Lynk &amp; Co<\/option><option value=\"Maserati\" >Maserati<\/option><option value=\"Mazda\" >Mazda<\/option><option value=\"McLaren\" >McLaren<\/option><option value=\"Mercedes-Benz\" >Mercedes-Benz<\/option><option value=\"MG\" >MG<\/option><option value=\"MINI\" >MINI<\/option><option value=\"Mitsubishi\" >Mitsubishi<\/option><option value=\"NIO\" >NIO<\/option><option value=\"Nissan\" >Nissan<\/option><option value=\"Opel\" >Opel<\/option><option value=\"ORA\" >ORA<\/option><option value=\"Peugeot\" >Peugeot<\/option><option value=\"Polestar\" >Polestar<\/option><option value=\"Porsche\" >Porsche<\/option><option value=\"Renault\" >Renault<\/option><option value=\"Rolls-Royce\" >Rolls-Royce<\/option><option value=\"Rover\" >Rover<\/option><option value=\"Saab\" >Saab<\/option><option value=\"SEAT\" >SEAT<\/option><option value=\"Skoda\" >Skoda<\/option><option value=\"Smart\" >Smart<\/option><option value=\"Subaru\" >Subaru<\/option><option value=\"Suzuki\" >Suzuki<\/option><option value=\"Tesla\" >Tesla<\/option><option value=\"Toyota\" >Toyota<\/option><option value=\"Volkswagen\" >Volkswagen<\/option><option value=\"Volvo\" >Volvo<\/option><option value=\"XPeng\" >XPeng<\/option><option value=\"Zeekr\" >Zeekr<\/option><\/select><\/label>\n        <label class=\"vsm-field\"><span>Mod\u00e8le<\/span><select name=\"vvc_model\" data-vsm-model><option value=\"\">Tous<\/option><\/select><\/label>\n        <label class=\"vsm-field\"><span>Budget max<\/span><select name=\"vvc_price_max\"><option value=\"\">Tous<\/option><option value=\"5000\" >5,000 \u20ac<\/option><option value=\"7500\" >7,500 \u20ac<\/option><option value=\"10000\" >10,000 \u20ac<\/option><option value=\"15000\" >15,000 \u20ac<\/option><option value=\"20000\" >20,000 \u20ac<\/option><option value=\"25000\" >25,000 \u20ac<\/option><option value=\"30000\" >30,000 \u20ac<\/option><option value=\"40000\" >40,000 \u20ac<\/option><option value=\"50000\" >50,000 \u20ac<\/option><option value=\"75000\" >75,000 \u20ac<\/option><option value=\"100000\" >100,000 \u20ac<\/option><\/select><\/label>\n        <label class=\"vsm-field\"><span>Mensualit\u00e9 max<\/span><select name=\"vvc_monthly_max\"><option value=\"\">Toutes<\/option><option value=\"150\" >150 \u20ac\/mois<\/option><option value=\"200\" >200 \u20ac\/mois<\/option><option value=\"250\" >250 \u20ac\/mois<\/option><option value=\"300\" >300 \u20ac\/mois<\/option><option value=\"350\" >350 \u20ac\/mois<\/option><option value=\"400\" >400 \u20ac\/mois<\/option><option value=\"450\" >450 \u20ac\/mois<\/option><option value=\"500\" >500 \u20ac\/mois<\/option><option value=\"650\" >650 \u20ac\/mois<\/option><option value=\"800\" >800 \u20ac\/mois<\/option><\/select><\/label>\n        <label class=\"vsm-field\"><span>\u00c9nergie<\/span><select name=\"vvc_fuel\"><option value=\"\">Toutes<\/option><option value=\"petrol\" >Essence<\/option><option value=\"diesel\" >Diesel<\/option><option value=\"hybrid\" >Hybride<\/option><option value=\"plug-in-hybrid\" >Hybride rechargeable<\/option><option value=\"electric\" >\u00c9lectrique<\/option><option value=\"lpg\" >LPG<\/option><\/select><\/label>\n        <label class=\"vsm-field\"><span>R\u00e9gion<\/span><select name=\"vvc_region\"><option value=\"\">Belgique<\/option><option value=\"Bruxelles\" >Bruxelles<\/option><option value=\"Flandre\" >Flandre<\/option><option value=\"Wallonie\" >Wallonie<\/option><option value=\"Anvers\" >Anvers<\/option><option value=\"Brabant flamand\" >Brabant flamand<\/option><option value=\"Brabant wallon\" >Brabant wallon<\/option><option value=\"Li\u00e8ge\" >Li\u00e8ge<\/option><option value=\"Namur\" >Namur<\/option><option value=\"Hainaut\" >Hainaut<\/option><option value=\"Limbourg\" >Limbourg<\/option><option value=\"Luxembourg\" >Luxembourg<\/option><option value=\"Flandre orientale\" >Flandre orientale<\/option><option value=\"Flandre occidentale\" >Flandre occidentale<\/option><\/select><\/label>\n    <\/div>\n    <details class=\"vsm-more\" >\n        <summary>Crit\u00e8res essentiels<\/summary>\n        <div class=\"vsm-grid vsm-grid--more\">\n            <label class=\"vsm-field\"><span>Ann\u00e9e min.<\/span><select name=\"vvc_year_min\"><option value=\"\">Toutes<\/option><option value=\"2027\" >2027<\/option><option value=\"2026\" >2026<\/option><option value=\"2025\" >2025<\/option><option value=\"2024\" >2024<\/option><option value=\"2023\" >2023<\/option><option value=\"2022\" >2022<\/option><option value=\"2021\" >2021<\/option><option value=\"2020\" >2020<\/option><option value=\"2019\" >2019<\/option><option value=\"2018\" >2018<\/option><option value=\"2017\" >2017<\/option><option value=\"2016\" >2016<\/option><option value=\"2015\" >2015<\/option><option value=\"2014\" >2014<\/option><option value=\"2013\" >2013<\/option><option value=\"2012\" >2012<\/option><option value=\"2011\" >2011<\/option><option value=\"2010\" >2010<\/option><option value=\"2009\" >2009<\/option><option value=\"2008\" >2008<\/option><option value=\"2007\" >2007<\/option><option value=\"2006\" >2006<\/option><option value=\"2005\" >2005<\/option><option value=\"2004\" >2004<\/option><option value=\"2003\" >2003<\/option><option value=\"2002\" >2002<\/option><option value=\"2001\" >2001<\/option><option value=\"2000\" >2000<\/option><option value=\"1999\" >1999<\/option><option value=\"1998\" >1998<\/option><option value=\"1997\" >1997<\/option><option value=\"1996\" >1996<\/option><option value=\"1995\" >1995<\/option><option value=\"1994\" >1994<\/option><option value=\"1993\" >1993<\/option><option value=\"1992\" >1992<\/option><option value=\"1991\" >1991<\/option><option value=\"1990\" >1990<\/option><\/select><\/label>\n            <label class=\"vsm-field\"><span>Km max<\/span><select name=\"vvc_mileage_max\"><option value=\"\">Tous<\/option><option value=\"10000\" >10,000 km<\/option><option value=\"25000\" >25,000 km<\/option><option value=\"50000\" >50,000 km<\/option><option value=\"75000\" >75,000 km<\/option><option value=\"100000\" >100,000 km<\/option><option value=\"150000\" >150,000 km<\/option><option value=\"200000\" >200,000 km<\/option><\/select><\/label>\n            <label class=\"vsm-field\"><span>Bo\u00eete<\/span><select name=\"vvc_transmission\"><option value=\"\">Toutes<\/option><option value=\"automatic\" >Automatique<\/option><option value=\"manual\" >Manuelle<\/option><\/select><\/label>\n            <label class=\"vsm-field\"><span>Usage<\/span><select name=\"vvc_usage\"><option value=\"\">Tous<\/option><option value=\"family\" >Famille<\/option><option value=\"business\" >Business<\/option><option value=\"young_driver\" >Jeune conducteur<\/option><option value=\"urban_electric\" >\u00c9lectrique urbain<\/option><option value=\"long_distance\" >Longs trajets<\/option><option value=\"utility\" >Utilitaire<\/option><\/select><\/label>\n            <label class=\"vsm-field\"><span>Tri<\/span><select name=\"vvc_sort\"><option value=\"smart\"  selected='selected'>Tri intelligent<\/option><option value=\"price_asc\" >Prix croissant<\/option><option value=\"price_desc\" >Prix d\u00e9croissant<\/option><option value=\"year_desc\" >Ann\u00e9e r\u00e9cente<\/option><option value=\"distance\" >Plus proche<\/option><\/select><\/label>\n        <\/div>\n    <\/details>\n    <div class=\"vsm-actions\"><button type=\"submit\">Rechercher<\/button><a href=\"https:\/\/vivacar.be\/en\/annonces-auto\/\">Effacer<\/a><\/div>\n<input type=\"hidden\" name=\"trp-form-language\" value=\"en\"\/><\/form>\n    <section class=\"vvc-section vvc-vehicle-section\">\n        <div class=\"vvc-shell\">\n            <div class=\"vvc-section-head\">\n                <div>\n                    <p class=\"vvc-kicker\">S\u00e9lection VivaCar<\/p>\n                    <h2>Annonces \u00e0 d\u00e9couvrir<\/h2>\n                <\/div>\n                <a class=\"vvc-btn vvc-btn--ghost\" href=\"https:\/\/vivacar.be\/en\/annonces\/\">Voir toutes les annonces<\/a>            <\/div>\n                            <div class=\"vvc-vehicle-grid\">\n                                                <article class=\"vvc-card vvc-vehicle-card\" id=\"dacia-duster-journey-eco-g\">\n        <a class=\"vvc-vehicle-card__image\" href=\"https:\/\/vivacar.be\/en\/annonces-auto\/dacia-duster-journey-eco-g\/\" aria-label=\"Dacia Duster Journey ECO-G\">\n            <img decoding=\"async\" src=\"https:\/\/vivacar.be\/wp-content\/themes\/vivacar-ultimate-enterprise\/assets\/images\/car-1.svg\" alt=\"Dacia Duster Journey ECO-G\" loading=\"lazy\">\n            <span>Annonce v\u00e9rifi\u00e9e<\/span>\n        <\/a>\n        <div class=\"vvc-vehicle-card__body\">\n            <div class=\"vvc-vehicle-card__topline\">\n                <p>Belgique<\/p>\n                <strong>Prix sur demande<\/strong>\n            <\/div>\n            <h3><a href=\"https:\/\/vivacar.be\/en\/annonces-auto\/dacia-duster-journey-eco-g\/\">Dacia Duster Journey ECO-G<\/a><\/h3>\n            <p class=\"vvc-muted\">Financement disponible<\/p>\n            <ul class=\"vvc-specs\" aria-label=\"Caract\u00e9ristiques principales\">\n                <li>\u2014<\/li>\n                <li>\u2014<\/li>\n                <li>\u2014<\/li>\n                <li>\u2014<\/li>\n            <\/ul>\n            <div class=\"vvc-card__actions\">\n                <a class=\"vvc-btn vvc-btn--primary\" href=\"https:\/\/vivacar.be\/en\/annonces-auto\/dacia-duster-journey-eco-g\/\">Voir le v\u00e9hicule<\/a>                <a class=\"vvc-btn vvc-btn--ghost\" href=\"https:\/\/vivacar.be\/en\/comparer-voitures\/\">Comparer<\/a>            <\/div>\n        <\/div>\n    <\/article>\n                                                    <article class=\"vvc-card vvc-vehicle-card\" id=\"kia-sportage-1-6-t-gdi-hev\">\n        <a class=\"vvc-vehicle-card__image\" href=\"https:\/\/vivacar.be\/en\/annonces-auto\/kia-sportage-1-6-t-gdi-hev\/\" aria-label=\"Kia Sportage 1.6 T-GDi HEV\">\n            <img decoding=\"async\" src=\"https:\/\/vivacar.be\/wp-content\/themes\/vivacar-ultimate-enterprise\/assets\/images\/car-1.svg\" alt=\"Kia Sportage 1.6 T-GDi HEV\" loading=\"lazy\">\n            <span>Annonce v\u00e9rifi\u00e9e<\/span>\n        <\/a>\n        <div class=\"vvc-vehicle-card__body\">\n            <div class=\"vvc-vehicle-card__topline\">\n                <p>Belgique<\/p>\n                <strong>Prix sur demande<\/strong>\n            <\/div>\n            <h3><a href=\"https:\/\/vivacar.be\/en\/annonces-auto\/kia-sportage-1-6-t-gdi-hev\/\">Kia Sportage 1.6 T-GDi HEV<\/a><\/h3>\n            <p class=\"vvc-muted\">Financement disponible<\/p>\n            <ul class=\"vvc-specs\" aria-label=\"Caract\u00e9ristiques principales\">\n                <li>\u2014<\/li>\n                <li>\u2014<\/li>\n                <li>\u2014<\/li>\n                <li>\u2014<\/li>\n            <\/ul>\n            <div class=\"vvc-card__actions\">\n                <a class=\"vvc-btn vvc-btn--primary\" href=\"https:\/\/vivacar.be\/en\/annonces-auto\/kia-sportage-1-6-t-gdi-hev\/\">Voir le v\u00e9hicule<\/a>                <a class=\"vvc-btn vvc-btn--ghost\" href=\"https:\/\/vivacar.be\/en\/comparer-voitures\/\">Comparer<\/a>            <\/div>\n        <\/div>\n    <\/article>\n                                                    <article class=\"vvc-card vvc-vehicle-card\" id=\"hyundai-ioniq-5-core\">\n        <a class=\"vvc-vehicle-card__image\" href=\"https:\/\/vivacar.be\/en\/annonces-auto\/hyundai-ioniq-5-core\/\" aria-label=\"Hyundai Ioniq 5 Core\">\n            <img decoding=\"async\" src=\"https:\/\/vivacar.be\/wp-content\/themes\/vivacar-ultimate-enterprise\/assets\/images\/car-1.svg\" alt=\"Hyundai Ioniq 5 Core\" loading=\"lazy\">\n            <span>Annonce v\u00e9rifi\u00e9e<\/span>\n        <\/a>\n        <div class=\"vvc-vehicle-card__body\">\n            <div class=\"vvc-vehicle-card__topline\">\n                <p>Belgique<\/p>\n                <strong>Prix sur demande<\/strong>\n            <\/div>\n            <h3><a href=\"https:\/\/vivacar.be\/en\/annonces-auto\/hyundai-ioniq-5-core\/\">Hyundai Ioniq 5 Core<\/a><\/h3>\n            <p class=\"vvc-muted\">Financement disponible<\/p>\n            <ul class=\"vvc-specs\" aria-label=\"Caract\u00e9ristiques principales\">\n                <li>\u2014<\/li>\n                <li>\u2014<\/li>\n                <li>\u2014<\/li>\n                <li>\u2014<\/li>\n            <\/ul>\n            <div class=\"vvc-card__actions\">\n                <a class=\"vvc-btn vvc-btn--primary\" href=\"https:\/\/vivacar.be\/en\/annonces-auto\/hyundai-ioniq-5-core\/\">Voir le v\u00e9hicule<\/a>                <a class=\"vvc-btn vvc-btn--ghost\" href=\"https:\/\/vivacar.be\/en\/comparer-voitures\/\">Comparer<\/a>            <\/div>\n        <\/div>\n    <\/article>\n                                                    <article class=\"vvc-card vvc-vehicle-card\" id=\"toyota-yaris-cross-hybrid\">\n        <a class=\"vvc-vehicle-card__image\" href=\"https:\/\/vivacar.be\/en\/annonces-auto\/toyota-yaris-cross-hybrid\/\" aria-label=\"Toyota Yaris Cross Hybrid\">\n            <img decoding=\"async\" src=\"https:\/\/vivacar.be\/wp-content\/themes\/vivacar-ultimate-enterprise\/assets\/images\/car-1.svg\" alt=\"Toyota Yaris Cross Hybrid\" loading=\"lazy\">\n            <span>Annonce v\u00e9rifi\u00e9e<\/span>\n        <\/a>\n        <div class=\"vvc-vehicle-card__body\">\n            <div class=\"vvc-vehicle-card__topline\">\n                <p>Belgique<\/p>\n                <strong>Prix sur demande<\/strong>\n            <\/div>\n            <h3><a href=\"https:\/\/vivacar.be\/en\/annonces-auto\/toyota-yaris-cross-hybrid\/\">Toyota Yaris Cross Hybrid<\/a><\/h3>\n            <p class=\"vvc-muted\">Financement disponible<\/p>\n            <ul class=\"vvc-specs\" aria-label=\"Caract\u00e9ristiques principales\">\n                <li>\u2014<\/li>\n                <li>\u2014<\/li>\n                <li>\u2014<\/li>\n                <li>\u2014<\/li>\n            <\/ul>\n            <div class=\"vvc-card__actions\">\n                <a class=\"vvc-btn vvc-btn--primary\" href=\"https:\/\/vivacar.be\/en\/annonces-auto\/toyota-yaris-cross-hybrid\/\">Voir le v\u00e9hicule<\/a>                <a class=\"vvc-btn vvc-btn--ghost\" href=\"https:\/\/vivacar.be\/en\/comparer-voitures\/\">Comparer<\/a>            <\/div>\n        <\/div>\n    <\/article>\n                                                    <article class=\"vvc-card vvc-vehicle-card\" id=\"volvo-xc60-recharge-plus\">\n        <a class=\"vvc-vehicle-card__image\" href=\"https:\/\/vivacar.be\/en\/annonces-auto\/volvo-xc60-recharge-plus\/\" aria-label=\"Volvo XC60 Recharge Plus\">\n            <img decoding=\"async\" src=\"https:\/\/vivacar.be\/wp-content\/themes\/vivacar-ultimate-enterprise\/assets\/images\/car-1.svg\" alt=\"Volvo XC60 Recharge Plus\" loading=\"lazy\">\n            <span>Annonce v\u00e9rifi\u00e9e<\/span>\n        <\/a>\n        <div class=\"vvc-vehicle-card__body\">\n            <div class=\"vvc-vehicle-card__topline\">\n                <p>Belgique<\/p>\n                <strong>Prix sur demande<\/strong>\n            <\/div>\n            <h3><a href=\"https:\/\/vivacar.be\/en\/annonces-auto\/volvo-xc60-recharge-plus\/\">Volvo XC60 Recharge Plus<\/a><\/h3>\n            <p class=\"vvc-muted\">Financement disponible<\/p>\n            <ul class=\"vvc-specs\" aria-label=\"Caract\u00e9ristiques principales\">\n                <li>\u2014<\/li>\n                <li>\u2014<\/li>\n                <li>\u2014<\/li>\n                <li>\u2014<\/li>\n            <\/ul>\n            <div class=\"vvc-card__actions\">\n                <a class=\"vvc-btn vvc-btn--primary\" href=\"https:\/\/vivacar.be\/en\/annonces-auto\/volvo-xc60-recharge-plus\/\">Voir le v\u00e9hicule<\/a>                <a class=\"vvc-btn vvc-btn--ghost\" href=\"https:\/\/vivacar.be\/en\/comparer-voitures\/\">Comparer<\/a>            <\/div>\n        <\/div>\n    <\/article>\n                                                    <article class=\"vvc-card vvc-vehicle-card\" id=\"renault-clio-techno-tce-90\">\n        <a class=\"vvc-vehicle-card__image\" href=\"https:\/\/vivacar.be\/en\/annonces-auto\/renault-clio-techno-tce-90\/\" aria-label=\"Renault Clio Techno TCe 90\">\n            <img decoding=\"async\" src=\"https:\/\/vivacar.be\/wp-content\/themes\/vivacar-ultimate-enterprise\/assets\/images\/car-1.svg\" alt=\"Renault Clio Techno TCe 90\" loading=\"lazy\">\n            <span>Annonce v\u00e9rifi\u00e9e<\/span>\n        <\/a>\n        <div class=\"vvc-vehicle-card__body\">\n            <div class=\"vvc-vehicle-card__topline\">\n                <p>Belgique<\/p>\n                <strong>Prix sur demande<\/strong>\n            <\/div>\n            <h3><a href=\"https:\/\/vivacar.be\/en\/annonces-auto\/renault-clio-techno-tce-90\/\">Renault Clio Techno TCe 90<\/a><\/h3>\n            <p class=\"vvc-muted\">Financement disponible<\/p>\n            <ul class=\"vvc-specs\" aria-label=\"Caract\u00e9ristiques principales\">\n                <li>\u2014<\/li>\n                <li>\u2014<\/li>\n                <li>\u2014<\/li>\n                <li>\u2014<\/li>\n            <\/ul>\n            <div class=\"vvc-card__actions\">\n                <a class=\"vvc-btn vvc-btn--primary\" href=\"https:\/\/vivacar.be\/en\/annonces-auto\/renault-clio-techno-tce-90\/\">Voir le v\u00e9hicule<\/a>                <a class=\"vvc-btn vvc-btn--ghost\" href=\"https:\/\/vivacar.be\/en\/comparer-voitures\/\">Comparer<\/a>            <\/div>\n        <\/div>\n    <\/article>\n                                                    <article class=\"vvc-card vvc-vehicle-card\" id=\"peugeot-3008-gt-hybrid\">\n        <a class=\"vvc-vehicle-card__image\" href=\"https:\/\/vivacar.be\/en\/annonces-auto\/peugeot-3008-gt-hybrid\/\" aria-label=\"Peugeot 3008 GT Hybrid\">\n            <img decoding=\"async\" src=\"https:\/\/vivacar.be\/wp-content\/themes\/vivacar-ultimate-enterprise\/assets\/images\/car-1.svg\" alt=\"Peugeot 3008 GT Hybrid\" loading=\"lazy\">\n            <span>Annonce v\u00e9rifi\u00e9e<\/span>\n        <\/a>\n        <div class=\"vvc-vehicle-card__body\">\n            <div class=\"vvc-vehicle-card__topline\">\n                <p>Belgique<\/p>\n                <strong>Prix sur demande<\/strong>\n            <\/div>\n            <h3><a href=\"https:\/\/vivacar.be\/en\/annonces-auto\/peugeot-3008-gt-hybrid\/\">Peugeot 3008 GT Hybrid<\/a><\/h3>\n            <p class=\"vvc-muted\">Financement disponible<\/p>\n            <ul class=\"vvc-specs\" aria-label=\"Caract\u00e9ristiques principales\">\n                <li>\u2014<\/li>\n                <li>\u2014<\/li>\n                <li>\u2014<\/li>\n                <li>\u2014<\/li>\n            <\/ul>\n            <div class=\"vvc-card__actions\">\n                <a class=\"vvc-btn vvc-btn--primary\" href=\"https:\/\/vivacar.be\/en\/annonces-auto\/peugeot-3008-gt-hybrid\/\">Voir le v\u00e9hicule<\/a>                <a class=\"vvc-btn vvc-btn--ghost\" href=\"https:\/\/vivacar.be\/en\/comparer-voitures\/\">Comparer<\/a>            <\/div>\n        <\/div>\n    <\/article>\n                                                    <article class=\"vvc-card vvc-vehicle-card\" id=\"volkswagen-golf-1-5-etsi-life\">\n        <a class=\"vvc-vehicle-card__image\" href=\"https:\/\/vivacar.be\/en\/annonces-auto\/volkswagen-golf-1-5-etsi-life\/\" aria-label=\"Volkswagen Golf 1.5 eTSI Life\">\n            <img decoding=\"async\" src=\"https:\/\/vivacar.be\/wp-content\/themes\/vivacar-ultimate-enterprise\/assets\/images\/car-1.svg\" alt=\"Volkswagen Golf 1.5 eTSI Life\" loading=\"lazy\">\n            <span>Annonce v\u00e9rifi\u00e9e<\/span>\n        <\/a>\n        <div class=\"vvc-vehicle-card__body\">\n            <div class=\"vvc-vehicle-card__topline\">\n                <p>Belgique<\/p>\n                <strong>Prix sur demande<\/strong>\n            <\/div>\n            <h3><a href=\"https:\/\/vivacar.be\/en\/annonces-auto\/volkswagen-golf-1-5-etsi-life\/\">Volkswagen Golf 1.5 eTSI Life<\/a><\/h3>\n            <p class=\"vvc-muted\">Financement disponible<\/p>\n            <ul class=\"vvc-specs\" aria-label=\"Caract\u00e9ristiques principales\">\n                <li>\u2014<\/li>\n                <li>\u2014<\/li>\n                <li>\u2014<\/li>\n                <li>\u2014<\/li>\n            <\/ul>\n            <div class=\"vvc-card__actions\">\n                <a class=\"vvc-btn vvc-btn--primary\" href=\"https:\/\/vivacar.be\/en\/annonces-auto\/volkswagen-golf-1-5-etsi-life\/\">Voir le v\u00e9hicule<\/a>                <a class=\"vvc-btn vvc-btn--ghost\" href=\"https:\/\/vivacar.be\/en\/comparer-voitures\/\">Comparer<\/a>            <\/div>\n        <\/div>\n    <\/article>\n                                                    <article class=\"vvc-card vvc-vehicle-card\" id=\"tesla-model-3-long-range\">\n        <a class=\"vvc-vehicle-card__image\" href=\"https:\/\/vivacar.be\/en\/annonces-auto\/tesla-model-3-long-range\/\" aria-label=\"Tesla Model 3 Long Range\">\n            <img decoding=\"async\" src=\"https:\/\/vivacar.be\/wp-content\/themes\/vivacar-ultimate-enterprise\/assets\/images\/car-1.svg\" alt=\"Tesla Model 3 Long Range\" loading=\"lazy\">\n            <span>Annonce v\u00e9rifi\u00e9e<\/span>\n        <\/a>\n        <div class=\"vvc-vehicle-card__body\">\n            <div class=\"vvc-vehicle-card__topline\">\n                <p>Belgique<\/p>\n                <strong>Prix sur demande<\/strong>\n            <\/div>\n            <h3><a href=\"https:\/\/vivacar.be\/en\/annonces-auto\/tesla-model-3-long-range\/\">Tesla Model 3 Long Range<\/a><\/h3>\n            <p class=\"vvc-muted\">Financement disponible<\/p>\n            <ul class=\"vvc-specs\" aria-label=\"Caract\u00e9ristiques principales\">\n                <li>\u2014<\/li>\n                <li>\u2014<\/li>\n                <li>\u2014<\/li>\n                <li>\u2014<\/li>\n            <\/ul>\n            <div class=\"vvc-card__actions\">\n                <a class=\"vvc-btn vvc-btn--primary\" href=\"https:\/\/vivacar.be\/en\/annonces-auto\/tesla-model-3-long-range\/\">Voir le v\u00e9hicule<\/a>                <a class=\"vvc-btn vvc-btn--ghost\" href=\"https:\/\/vivacar.be\/en\/comparer-voitures\/\">Comparer<\/a>            <\/div>\n        <\/div>\n    <\/article>\n                                        <\/div>\n                    <\/div>\n    <\/section>\n    <\/p>","protected":false},"excerpt":{"rendered":"<p>Toutes les voitures neuves et d\u2019occasion Explorez une s\u00e9lection claire de v\u00e9hicules disponibles en Belgique. Filtrez par budget, \u00e9nergie, r\u00e9gion et usage pour trouver plus vite la voiture adapt\u00e9e.<\/p>","protected":false},"author":1,"featured_media":0,"parent":0,"menu_order":0,"comment_status":"closed","ping_status":"closed","template":"page-templates\/vehicles.php","meta":{"footnotes":""},"class_list":["post-61","page","type-page","status-publish","hentry"],"_hostinger_reach_plugin_has_subscription_block":false,"_hostinger_reach_plugin_is_elementor":false,"_links":{"self":[{"href":"https:\/\/vivacar.be\/en\/wp-json\/wp\/v2\/pages\/61","targetHints":{"allow":["GET"]}}],"collection":[{"href":"https:\/\/vivacar.be\/en\/wp-json\/wp\/v2\/pages"}],"about":[{"href":"https:\/\/vivacar.be\/en\/wp-json\/wp\/v2\/types\/page"}],"author":[{"embeddable":true,"href":"https:\/\/vivacar.be\/en\/wp-json\/wp\/v2\/users\/1"}],"replies":[{"embeddable":true,"href":"https:\/\/vivacar.be\/en\/wp-json\/wp\/v2\/comments?post=61"}],"version-history":[{"count":2,"href":"https:\/\/vivacar.be\/en\/wp-json\/wp\/v2\/pages\/61\/revisions"}],"predecessor-version":[{"id":148,"href":"https:\/\/vivacar.be\/en\/wp-json\/wp\/v2\/pages\/61\/revisions\/148"}],"wp:attachment":[{"href":"https:\/\/vivacar.be\/en\/wp-json\/wp\/v2\/media?parent=61"}],"curies":[{"name":"wp","href":"https:\/\/api.w.org\/{rel}","templated":true}]}}