{"id":189,"date":"2026-05-06T12:38:46","date_gmt":"2026-05-06T12:38:46","guid":{"rendered":"https:\/\/orange-partridge-779944.hostingersite.com\/assurance-famille\/"},"modified":"2026-05-07T21:40:35","modified_gmt":"2026-05-07T21:40:35","slug":"assurance-famille","status":"publish","type":"page","link":"https:\/\/vivacar.be\/en\/assurance-famille\/","title":{"rendered":"Assurance famille"},"content":{"rendered":"<h1>Assurance famille<\/h1>\n<p>Choisissez une assurance adapt\u00e9e \u00e0 un v\u00e9hicule familial, aux conducteurs d\u00e9clar\u00e9s et \u00e0 l\u2019usage quotidien.<\/p>\n<div class=\"vvc-inline-actions\"><a class=\"vvc-btn vvc-btn--primary\" href=\"https:\/\/vivacar.be\/en\/annonces\/\">Voir les annonces<\/a><a class=\"vvc-btn vvc-btn--ghost\" href=\"https:\/\/vivacar.be\/en\/contact\/\">Contact<\/a><\/div>","protected":false},"excerpt":{"rendered":"<p>Assurance famille Choisissez une assurance adapt\u00e9e \u00e0 un v\u00e9hicule familial, aux conducteurs d\u00e9clar\u00e9s et \u00e0 l\u2019usage quotidien. Voir les annoncesContact<\/p>","protected":false},"author":1,"featured_media":0,"parent":0,"menu_order":0,"comment_status":"closed","ping_status":"closed","template":"page-templates\/landing.php","meta":{"footnotes":""},"class_list":["post-189","page","type-page","status-publish","hentry"],"_hostinger_reach_plugin_has_subscription_block":false,"_hostinger_reach_plugin_is_elementor":false,"_links":{"self":[{"href":"https:\/\/vivacar.be\/en\/wp-json\/wp\/v2\/pages\/189","targetHints":{"allow":["GET"]}}],"collection":[{"href":"https:\/\/vivacar.be\/en\/wp-json\/wp\/v2\/pages"}],"about":[{"href":"https:\/\/vivacar.be\/en\/wp-json\/wp\/v2\/types\/page"}],"author":[{"embeddable":true,"href":"https:\/\/vivacar.be\/en\/wp-json\/wp\/v2\/users\/1"}],"replies":[{"embeddable":true,"href":"https:\/\/vivacar.be\/en\/wp-json\/wp\/v2\/comments?post=189"}],"version-history":[{"count":1,"href":"https:\/\/vivacar.be\/en\/wp-json\/wp\/v2\/pages\/189\/revisions"}],"predecessor-version":[{"id":260,"href":"https:\/\/vivacar.be\/en\/wp-json\/wp\/v2\/pages\/189\/revisions\/260"}],"wp:attachment":[{"href":"https:\/\/vivacar.be\/en\/wp-json\/wp\/v2\/media?parent=189"}],"curies":[{"name":"wp","href":"https:\/\/api.w.org\/{rel}","templated":true}]}}