{"id":181,"date":"2026-05-06T12:38:46","date_gmt":"2026-05-06T12:38:46","guid":{"rendered":"https:\/\/orange-partridge-779944.hostingersite.com\/financement-professionnel\/"},"modified":"2026-05-07T21:40:35","modified_gmt":"2026-05-07T21:40:35","slug":"financement-professionnel","status":"publish","type":"page","link":"https:\/\/vivacar.be\/en\/financement-professionnel\/","title":{"rendered":"Financement professionnel"},"content":{"rendered":"<h1>Financement professionnel<\/h1>\n<p>Comparez les solutions de financement pour ind\u00e9pendants, dirigeants et soci\u00e9t\u00e9s.<\/p>\n<div class=\"vvc-inline-actions\"><a class=\"vvc-btn vvc-btn--primary\" href=\"https:\/\/vivacar.be\/en\/annonces\/\">Voir les annonces<\/a><a class=\"vvc-btn vvc-btn--ghost\" href=\"https:\/\/vivacar.be\/en\/contact\/\">Contact<\/a><\/div>","protected":false},"excerpt":{"rendered":"<p>Financement professionnel Comparez les solutions de financement pour ind\u00e9pendants, dirigeants et soci\u00e9t\u00e9s. Voir les annoncesContact<\/p>","protected":false},"author":1,"featured_media":0,"parent":0,"menu_order":0,"comment_status":"closed","ping_status":"closed","template":"page-templates\/landing.php","meta":{"footnotes":""},"class_list":["post-181","page","type-page","status-publish","hentry"],"_hostinger_reach_plugin_has_subscription_block":false,"_hostinger_reach_plugin_is_elementor":false,"_links":{"self":[{"href":"https:\/\/vivacar.be\/en\/wp-json\/wp\/v2\/pages\/181","targetHints":{"allow":["GET"]}}],"collection":[{"href":"https:\/\/vivacar.be\/en\/wp-json\/wp\/v2\/pages"}],"about":[{"href":"https:\/\/vivacar.be\/en\/wp-json\/wp\/v2\/types\/page"}],"author":[{"embeddable":true,"href":"https:\/\/vivacar.be\/en\/wp-json\/wp\/v2\/users\/1"}],"replies":[{"embeddable":true,"href":"https:\/\/vivacar.be\/en\/wp-json\/wp\/v2\/comments?post=181"}],"version-history":[{"count":1,"href":"https:\/\/vivacar.be\/en\/wp-json\/wp\/v2\/pages\/181\/revisions"}],"predecessor-version":[{"id":252,"href":"https:\/\/vivacar.be\/en\/wp-json\/wp\/v2\/pages\/181\/revisions\/252"}],"wp:attachment":[{"href":"https:\/\/vivacar.be\/en\/wp-json\/wp\/v2\/media?parent=181"}],"curies":[{"name":"wp","href":"https:\/\/api.w.org\/{rel}","templated":true}]}}